{"id":191,"date":"2023-01-20T12:49:13","date_gmt":"2023-01-20T11:49:13","guid":{"rendered":"https:\/\/fenaco.promovetm.com\/bilan-de-competences\/"},"modified":"2023-12-13T15:31:59","modified_gmt":"2023-12-13T14:31:59","slug":"bilan-de-competences","status":"publish","type":"page","link":"https:\/\/jobcenter.promovetm.com\/fr\/bilan-de-competences\/","title":{"rendered":"Bilan de comp\u00e9tences"},"content":{"rendered":"\n<p>Un bilan de comp\u00e9tences permet de mettre en ad\u00e9quation tes souhaits et tes capacit\u00e9s avec les besoins du march\u00e9 du travail. Tu r\u00e9ussiras ainsi \u00e0 identifier de nouvelles opportunit\u00e9s et \u00e0 les influencer positivement dans ton propre sens.<\/p>\n\n\n\n<p>Un bilan de comp\u00e9tences, bas\u00e9 sur un <a href=\"https:\/\/fenaco.promovetm.com\/fr\/careercheck\/\">Career Check<\/a>, se compose de modules adapt\u00e9s \u00e0 tes besoins et dure en g\u00e9n\u00e9ral 4 r\u00e9unions sur une p\u00e9riode de 2 \u00e0 3 mois. Prends contact avec nous afin que nous puissions d\u00e9terminer ensemble ce qui est utile pour toi dans ta situation actuelle.<\/p>\n\n\n\n<p><a href=\"https:\/\/www.promovetm.com\/fr\/contact\/\" target=\"_blank\" rel=\"noreferrer noopener\">Prendre contact<\/a><\/p>\n","protected":false},"excerpt":{"rendered":"<p>Un bilan de comp\u00e9tences permet de mettre en ad\u00e9quation tes souhaits et tes capacit\u00e9s avec les besoins du march\u00e9 du travail. Tu r\u00e9ussiras ainsi \u00e0 identifier de nouvelles opportunit\u00e9s et \u00e0 les influencer positivement dans ton propre sens. Un bilan de comp\u00e9tences, bas\u00e9 sur un Career Check, se compose de modules adapt\u00e9s \u00e0 tes besoins [&hellip;]<\/p>\n","protected":false},"author":1,"featured_media":0,"parent":0,"menu_order":0,"comment_status":"closed","ping_status":"closed","template":"","meta":{"_acf_changed":false,"footnotes":""},"class_list":["post-191","page","type-page","status-publish","hentry"],"acf":[],"yoast_head":"<!-- This site is optimized with the Yoast SEO plugin v25.8 - https:\/\/yoast.com\/wordpress\/plugins\/seo\/ -->\n<title>Bilan de comp\u00e9tences - Jobcenter Geneva<\/title>\n<meta name=\"robots\" content=\"noindex, follow, max-snippet:-1, max-image-preview:large, max-video-preview:-1\" \/>\n<meta property=\"og:locale\" content=\"fr_FR\" \/>\n<meta property=\"og:type\" content=\"article\" \/>\n<meta property=\"og:title\" content=\"Bilan de comp\u00e9tences - Jobcenter Geneva\" \/>\n<meta property=\"og:description\" content=\"Un bilan de comp\u00e9tences permet de mettre en ad\u00e9quation tes souhaits et tes capacit\u00e9s avec les besoins du march\u00e9 du travail. Tu r\u00e9ussiras ainsi \u00e0 identifier de nouvelles opportunit\u00e9s et \u00e0 les influencer positivement dans ton propre sens. Un bilan de comp\u00e9tences, bas\u00e9 sur un Career Check, se compose de modules adapt\u00e9s \u00e0 tes besoins [&hellip;]\" \/>\n<meta property=\"og:url\" content=\"https:\/\/jobcenter.promovetm.com\/fr\/bilan-de-competences\/\" \/>\n<meta property=\"og:site_name\" content=\"Jobcenter Geneva\" \/>\n<meta property=\"article:modified_time\" content=\"2023-12-13T14:31:59+00:00\" \/>\n<meta name=\"twitter:card\" content=\"summary_large_image\" \/>\n<script type=\"application\/ld+json\" class=\"yoast-schema-graph\">{\"@context\":\"https:\/\/schema.org\",\"@graph\":[{\"@type\":\"WebPage\",\"@id\":\"https:\/\/jobcenter.promovetm.com\/fr\/bilan-de-competences\/\",\"url\":\"https:\/\/jobcenter.promovetm.com\/fr\/bilan-de-competences\/\",\"name\":\"Bilan de comp\u00e9tences - Jobcenter Geneva\",\"isPartOf\":{\"@id\":\"https:\/\/jobcenter.promovetm.com\/#website\"},\"datePublished\":\"2023-01-20T11:49:13+00:00\",\"dateModified\":\"2023-12-13T14:31:59+00:00\",\"breadcrumb\":{\"@id\":\"https:\/\/jobcenter.promovetm.com\/fr\/bilan-de-competences\/#breadcrumb\"},\"inLanguage\":\"fr-FR\",\"potentialAction\":[{\"@type\":\"ReadAction\",\"target\":[\"https:\/\/jobcenter.promovetm.com\/fr\/bilan-de-competences\/\"]}]},{\"@type\":\"BreadcrumbList\",\"@id\":\"https:\/\/jobcenter.promovetm.com\/fr\/bilan-de-competences\/#breadcrumb\",\"itemListElement\":[{\"@type\":\"ListItem\",\"position\":1,\"name\":\"Home\",\"item\":\"https:\/\/jobcenter.promovetm.com\/fr\/gestion-de-soi\/\"},{\"@type\":\"ListItem\",\"position\":2,\"name\":\"Bilan de comp\u00e9tences\"}]},{\"@type\":\"WebSite\",\"@id\":\"https:\/\/jobcenter.promovetm.com\/#website\",\"url\":\"https:\/\/jobcenter.promovetm.com\/\",\"name\":\"Jobcenter\",\"description\":\"\",\"potentialAction\":[{\"@type\":\"SearchAction\",\"target\":{\"@type\":\"EntryPoint\",\"urlTemplate\":\"https:\/\/jobcenter.promovetm.com\/?s={search_term_string}\"},\"query-input\":{\"@type\":\"PropertyValueSpecification\",\"valueRequired\":true,\"valueName\":\"search_term_string\"}}],\"inLanguage\":\"fr-FR\"}]}<\/script>\n<!-- \/ Yoast SEO plugin. -->","yoast_head_json":{"title":"Bilan de comp\u00e9tences - Jobcenter Geneva","robots":{"index":"noindex","follow":"follow","max-snippet":"max-snippet:-1","max-image-preview":"max-image-preview:large","max-video-preview":"max-video-preview:-1"},"og_locale":"fr_FR","og_type":"article","og_title":"Bilan de comp\u00e9tences - Jobcenter Geneva","og_description":"Un bilan de comp\u00e9tences permet de mettre en ad\u00e9quation tes souhaits et tes capacit\u00e9s avec les besoins du march\u00e9 du travail. Tu r\u00e9ussiras ainsi \u00e0 identifier de nouvelles opportunit\u00e9s et \u00e0 les influencer positivement dans ton propre sens. Un bilan de comp\u00e9tences, bas\u00e9 sur un Career Check, se compose de modules adapt\u00e9s \u00e0 tes besoins [&hellip;]","og_url":"https:\/\/jobcenter.promovetm.com\/fr\/bilan-de-competences\/","og_site_name":"Jobcenter Geneva","article_modified_time":"2023-12-13T14:31:59+00:00","twitter_card":"summary_large_image","schema":{"@context":"https:\/\/schema.org","@graph":[{"@type":"WebPage","@id":"https:\/\/jobcenter.promovetm.com\/fr\/bilan-de-competences\/","url":"https:\/\/jobcenter.promovetm.com\/fr\/bilan-de-competences\/","name":"Bilan de comp\u00e9tences - Jobcenter Geneva","isPartOf":{"@id":"https:\/\/jobcenter.promovetm.com\/#website"},"datePublished":"2023-01-20T11:49:13+00:00","dateModified":"2023-12-13T14:31:59+00:00","breadcrumb":{"@id":"https:\/\/jobcenter.promovetm.com\/fr\/bilan-de-competences\/#breadcrumb"},"inLanguage":"fr-FR","potentialAction":[{"@type":"ReadAction","target":["https:\/\/jobcenter.promovetm.com\/fr\/bilan-de-competences\/"]}]},{"@type":"BreadcrumbList","@id":"https:\/\/jobcenter.promovetm.com\/fr\/bilan-de-competences\/#breadcrumb","itemListElement":[{"@type":"ListItem","position":1,"name":"Home","item":"https:\/\/jobcenter.promovetm.com\/fr\/gestion-de-soi\/"},{"@type":"ListItem","position":2,"name":"Bilan de comp\u00e9tences"}]},{"@type":"WebSite","@id":"https:\/\/jobcenter.promovetm.com\/#website","url":"https:\/\/jobcenter.promovetm.com\/","name":"Jobcenter","description":"","potentialAction":[{"@type":"SearchAction","target":{"@type":"EntryPoint","urlTemplate":"https:\/\/jobcenter.promovetm.com\/?s={search_term_string}"},"query-input":{"@type":"PropertyValueSpecification","valueRequired":true,"valueName":"search_term_string"}}],"inLanguage":"fr-FR"}]}},"_links":{"self":[{"href":"https:\/\/jobcenter.promovetm.com\/fr\/wp-json\/wp\/v2\/pages\/191","targetHints":{"allow":["GET"]}}],"collection":[{"href":"https:\/\/jobcenter.promovetm.com\/fr\/wp-json\/wp\/v2\/pages"}],"about":[{"href":"https:\/\/jobcenter.promovetm.com\/fr\/wp-json\/wp\/v2\/types\/page"}],"author":[{"embeddable":true,"href":"https:\/\/jobcenter.promovetm.com\/fr\/wp-json\/wp\/v2\/users\/1"}],"replies":[{"embeddable":true,"href":"https:\/\/jobcenter.promovetm.com\/fr\/wp-json\/wp\/v2\/comments?post=191"}],"version-history":[{"count":3,"href":"https:\/\/jobcenter.promovetm.com\/fr\/wp-json\/wp\/v2\/pages\/191\/revisions"}],"predecessor-version":[{"id":388,"href":"https:\/\/jobcenter.promovetm.com\/fr\/wp-json\/wp\/v2\/pages\/191\/revisions\/388"}],"wp:attachment":[{"href":"https:\/\/jobcenter.promovetm.com\/fr\/wp-json\/wp\/v2\/media?parent=191"}],"curies":[{"name":"wp","href":"https:\/\/api.w.org\/{rel}","templated":true}]}}