{"id":189,"date":"2023-01-20T12:48:24","date_gmt":"2023-01-20T11:48:24","guid":{"rendered":"https:\/\/fenaco.promovetm.com\/coaching-2\/"},"modified":"2023-12-13T15:26:04","modified_gmt":"2023-12-13T14:26:04","slug":"coaching-2","status":"publish","type":"page","link":"https:\/\/jobcenter.promovetm.com\/fr\/coaching-2\/","title":{"rendered":"Coaching"},"content":{"rendered":"\n<p>Un coaching est utile si tu g\u00e8res les personnes et que tu es confront\u00e9 \u00e0 des t\u00e2ches qui te pr\u00e9occupent. Les champs d&rsquo;application sont multiples : de la prise en charge d&rsquo;une nouvelle \u00e9quipe aux conflits avec le sup\u00e9rieur, des processus de changement aux frictions au sein de l&rsquo;\u00e9quipe. Dans le cadre d&rsquo;un coaching de leadership orient\u00e9 vers les solutions et le potentiel, les cadres sont renforc\u00e9s dans leur capacit\u00e9 \u00e0 assumer leur r\u00f4le, encourag\u00e9s \u00e0 prendre des responsabilit\u00e9s et d&rsquo;harmoniser leur r\u00f4le avec les objectifs du poste.<\/p>\n\n\n\n<p>Si tu veux savoir ce qu&rsquo;un coaching peut signifier pour toi et ton entourage, prends contact avec nous. Nous \u00e9valuerons ensemble tes besoins et te mettrons en contact avec des coachs appropri\u00e9s afin que tu puisses les rencontrer sans engagement.<\/p>\n\n\n\n<p><a href=\"https:\/\/www.promovetm.com\/fr\/contact\/\" data-type=\"link\" data-id=\"https:\/\/www.promovetm.com\/fr\/contact\/\" target=\"_blank\" rel=\"noreferrer noopener\">Prendre contact<\/a><\/p>\n","protected":false},"excerpt":{"rendered":"<p>Un coaching est utile si tu g\u00e8res les personnes et que tu es confront\u00e9 \u00e0 des t\u00e2ches qui te pr\u00e9occupent. Les champs d&rsquo;application sont multiples : de la prise en charge d&rsquo;une nouvelle \u00e9quipe aux conflits avec le sup\u00e9rieur, des processus de changement aux frictions au sein de l&rsquo;\u00e9quipe. Dans le cadre d&rsquo;un coaching de [&hellip;]<\/p>\n","protected":false},"author":1,"featured_media":0,"parent":0,"menu_order":0,"comment_status":"closed","ping_status":"closed","template":"","meta":{"_acf_changed":false,"footnotes":""},"class_list":["post-189","page","type-page","status-publish","hentry"],"acf":[],"yoast_head":"<!-- This site is optimized with the Yoast SEO plugin v25.8 - https:\/\/yoast.com\/wordpress\/plugins\/seo\/ -->\n<title>Coaching - Jobcenter Geneva<\/title>\n<meta name=\"robots\" content=\"noindex, follow, max-snippet:-1, max-image-preview:large, max-video-preview:-1\" \/>\n<meta property=\"og:locale\" content=\"fr_FR\" \/>\n<meta property=\"og:type\" content=\"article\" \/>\n<meta property=\"og:title\" content=\"Coaching - Jobcenter Geneva\" \/>\n<meta property=\"og:description\" content=\"Un coaching est utile si tu g\u00e8res les personnes et que tu es confront\u00e9 \u00e0 des t\u00e2ches qui te pr\u00e9occupent. Les champs d&rsquo;application sont multiples : de la prise en charge d&rsquo;une nouvelle \u00e9quipe aux conflits avec le sup\u00e9rieur, des processus de changement aux frictions au sein de l&rsquo;\u00e9quipe. Dans le cadre d&rsquo;un coaching de [&hellip;]\" \/>\n<meta property=\"og:url\" content=\"https:\/\/jobcenter.promovetm.com\/fr\/coaching-2\/\" \/>\n<meta property=\"og:site_name\" content=\"Jobcenter Geneva\" \/>\n<meta property=\"article:modified_time\" content=\"2023-12-13T14:26:04+00:00\" \/>\n<meta name=\"twitter:card\" content=\"summary_large_image\" \/>\n<meta name=\"twitter:label1\" content=\"Est. reading time\" \/>\n\t<meta name=\"twitter:data1\" content=\"1 minute\" \/>\n<script type=\"application\/ld+json\" class=\"yoast-schema-graph\">{\"@context\":\"https:\/\/schema.org\",\"@graph\":[{\"@type\":\"WebPage\",\"@id\":\"https:\/\/jobcenter.promovetm.com\/fr\/coaching-2\/\",\"url\":\"https:\/\/jobcenter.promovetm.com\/fr\/coaching-2\/\",\"name\":\"Coaching - Jobcenter Geneva\",\"isPartOf\":{\"@id\":\"https:\/\/jobcenter.promovetm.com\/#website\"},\"datePublished\":\"2023-01-20T11:48:24+00:00\",\"dateModified\":\"2023-12-13T14:26:04+00:00\",\"breadcrumb\":{\"@id\":\"https:\/\/jobcenter.promovetm.com\/fr\/coaching-2\/#breadcrumb\"},\"inLanguage\":\"fr-FR\",\"potentialAction\":[{\"@type\":\"ReadAction\",\"target\":[\"https:\/\/jobcenter.promovetm.com\/fr\/coaching-2\/\"]}]},{\"@type\":\"BreadcrumbList\",\"@id\":\"https:\/\/jobcenter.promovetm.com\/fr\/coaching-2\/#breadcrumb\",\"itemListElement\":[{\"@type\":\"ListItem\",\"position\":1,\"name\":\"Home\",\"item\":\"https:\/\/jobcenter.promovetm.com\/fr\/gestion-de-soi\/\"},{\"@type\":\"ListItem\",\"position\":2,\"name\":\"Coaching\"}]},{\"@type\":\"WebSite\",\"@id\":\"https:\/\/jobcenter.promovetm.com\/#website\",\"url\":\"https:\/\/jobcenter.promovetm.com\/\",\"name\":\"Jobcenter\",\"description\":\"\",\"potentialAction\":[{\"@type\":\"SearchAction\",\"target\":{\"@type\":\"EntryPoint\",\"urlTemplate\":\"https:\/\/jobcenter.promovetm.com\/?s={search_term_string}\"},\"query-input\":{\"@type\":\"PropertyValueSpecification\",\"valueRequired\":true,\"valueName\":\"search_term_string\"}}],\"inLanguage\":\"fr-FR\"}]}<\/script>\n<!-- \/ Yoast SEO plugin. -->","yoast_head_json":{"title":"Coaching - Jobcenter Geneva","robots":{"index":"noindex","follow":"follow","max-snippet":"max-snippet:-1","max-image-preview":"max-image-preview:large","max-video-preview":"max-video-preview:-1"},"og_locale":"fr_FR","og_type":"article","og_title":"Coaching - Jobcenter Geneva","og_description":"Un coaching est utile si tu g\u00e8res les personnes et que tu es confront\u00e9 \u00e0 des t\u00e2ches qui te pr\u00e9occupent. Les champs d&rsquo;application sont multiples : de la prise en charge d&rsquo;une nouvelle \u00e9quipe aux conflits avec le sup\u00e9rieur, des processus de changement aux frictions au sein de l&rsquo;\u00e9quipe. Dans le cadre d&rsquo;un coaching de [&hellip;]","og_url":"https:\/\/jobcenter.promovetm.com\/fr\/coaching-2\/","og_site_name":"Jobcenter Geneva","article_modified_time":"2023-12-13T14:26:04+00:00","twitter_card":"summary_large_image","twitter_misc":{"Est. reading time":"1 minute"},"schema":{"@context":"https:\/\/schema.org","@graph":[{"@type":"WebPage","@id":"https:\/\/jobcenter.promovetm.com\/fr\/coaching-2\/","url":"https:\/\/jobcenter.promovetm.com\/fr\/coaching-2\/","name":"Coaching - Jobcenter Geneva","isPartOf":{"@id":"https:\/\/jobcenter.promovetm.com\/#website"},"datePublished":"2023-01-20T11:48:24+00:00","dateModified":"2023-12-13T14:26:04+00:00","breadcrumb":{"@id":"https:\/\/jobcenter.promovetm.com\/fr\/coaching-2\/#breadcrumb"},"inLanguage":"fr-FR","potentialAction":[{"@type":"ReadAction","target":["https:\/\/jobcenter.promovetm.com\/fr\/coaching-2\/"]}]},{"@type":"BreadcrumbList","@id":"https:\/\/jobcenter.promovetm.com\/fr\/coaching-2\/#breadcrumb","itemListElement":[{"@type":"ListItem","position":1,"name":"Home","item":"https:\/\/jobcenter.promovetm.com\/fr\/gestion-de-soi\/"},{"@type":"ListItem","position":2,"name":"Coaching"}]},{"@type":"WebSite","@id":"https:\/\/jobcenter.promovetm.com\/#website","url":"https:\/\/jobcenter.promovetm.com\/","name":"Jobcenter","description":"","potentialAction":[{"@type":"SearchAction","target":{"@type":"EntryPoint","urlTemplate":"https:\/\/jobcenter.promovetm.com\/?s={search_term_string}"},"query-input":{"@type":"PropertyValueSpecification","valueRequired":true,"valueName":"search_term_string"}}],"inLanguage":"fr-FR"}]}},"_links":{"self":[{"href":"https:\/\/jobcenter.promovetm.com\/fr\/wp-json\/wp\/v2\/pages\/189","targetHints":{"allow":["GET"]}}],"collection":[{"href":"https:\/\/jobcenter.promovetm.com\/fr\/wp-json\/wp\/v2\/pages"}],"about":[{"href":"https:\/\/jobcenter.promovetm.com\/fr\/wp-json\/wp\/v2\/types\/page"}],"author":[{"embeddable":true,"href":"https:\/\/jobcenter.promovetm.com\/fr\/wp-json\/wp\/v2\/users\/1"}],"replies":[{"embeddable":true,"href":"https:\/\/jobcenter.promovetm.com\/fr\/wp-json\/wp\/v2\/comments?post=189"}],"version-history":[{"count":2,"href":"https:\/\/jobcenter.promovetm.com\/fr\/wp-json\/wp\/v2\/pages\/189\/revisions"}],"predecessor-version":[{"id":386,"href":"https:\/\/jobcenter.promovetm.com\/fr\/wp-json\/wp\/v2\/pages\/189\/revisions\/386"}],"wp:attachment":[{"href":"https:\/\/jobcenter.promovetm.com\/fr\/wp-json\/wp\/v2\/media?parent=189"}],"curies":[{"name":"wp","href":"https:\/\/api.w.org\/{rel}","templated":true}]}}