{"id":121,"date":"2023-01-10T02:56:10","date_gmt":"2023-01-10T01:56:10","guid":{"rendered":"https:\/\/fenaco.promovetm.com\/gestion-de-soi-carriere\/"},"modified":"2025-08-21T06:05:15","modified_gmt":"2025-08-21T05:05:15","slug":"gestion-de-soi","status":"publish","type":"page","link":"https:\/\/jobcenter.promovetm.com\/fr\/","title":{"rendered":"Gestion de soi | Carri\u00e8re"},"content":{"rendered":"\n<p>Pour diriger, il faut d&rsquo;abord se diriger soi-m\u00eame. Pour cela, il est essentiel de r\u00e9fl\u00e9chir r\u00e9guli\u00e8rement sur soi-m\u00eame.<br>Les m\u00e9thodes suivantes peuvent t&rsquo;y aider:<\/p>\n\n\n\n<div class=\"home__categories\">\n    <a href=\"\/fr\/questions-sur-la-gestion-de-soi\/\" class=\"home__cat\">\n        <h2>Questions sur la gestion de soi<\/h2>\n    <\/a>\n    <a href=\"\/fr\/courbe-d-apprentissage\/\" class=\"home__cat\">\n        <h2>Courbe d\u2019apprentissage<\/h2>\n    <\/a>\n    <a href=\"\/fr\/les-5-options-pour-une-evolution-professionnelle\/\" class=\"home__cat\">\n        <h2>Les 5 options pour une \u00e9volution professionnelle<\/h2>\n    <\/a>\n    <a href=\"\/fr\/comment-un-emploi-se-cree-t-il\/\" class=\"home__cat\">\n        <h2>Comment un emploi se cr\u00e9e-t-il<\/h2>\n    <\/a>\n    <a href=\"\/fr\/le-marche-pertinent\/\" class=\"home__cat\">\n        <h2>Le march\u00e9 pertinent<\/h2>\n    <\/a>\n    <a href=\"\/fr\/reseautage\/\" class=\"home__cat\">\n        <h2>R\u00e9seautage<\/h2>\n    <\/a>\n<\/div>\n\n\n\n<div class=\"begleitprozesse\">\n    <h2>Processus d&rsquo;accompagnement<\/h2>\n    <p>Tu peux aussi te faire accompagner personnellement par un coach en r\u00e9servant pour toi un processus d&rsquo;accompagnement :<\/p>\n    <div class=\"prozesse__wrapper\">\n        <a href=\"\/fr\/careercheck\" class=\"prozess\">\n            <h3>Career Check<\/h3>\n        <\/a>\n        <a href=\"\/fr\/coaching-2\/\" class=\"prozess\">\n            <h3>Coaching<\/h3>\n        <\/a>\n        <a href=\"\/fr\/bilan-de-competences\/\" class=\"prozess\">\n            <h3>Bilan de comp\u00e9tences <\/h3>\n        <\/a>\n    <\/div>\n    <a class=\"begleitprozesse__coaching\" href=\"https:\/\/www.promovetm.com\/fr\/contact\/\">Nous nous r\u00e9jouissons de faire ta connaissance.<\/a>\n<\/div>\n<style>\n    .begleitprozesse {\n        margin-top: 2rem;\n    }\n\n    .prozesse__wrapper {\n        display: flex;\n        flex-direction: column;\n        gap: 1.5rem;\n    }\n\n    @media (min-width: 992px) {\n        .prozesse__wrapper {\n            flex-direction: row;\n        }\n    }\n\n    .prozess {\n        background-color: #fff;\n        color: #000;\n\t\tborder: 1px solid #000;\n        text-decoration: none;\n        padding: 1rem;\n        flex: 1;\n        text-align: center;\n\t\ttransition: 0.3s ease;\n    }\n\t\n\t.prozess:hover {\n\t\t border: 1px solid transparent;\n\t\t background-color: #cae091;\n\t}\n\n    .begleitprozesse__coaching {\n        color: #cae091;\n        margin-top: 1rem;\n        display: block;\n    }\n<\/style>\n","protected":false},"excerpt":{"rendered":"<p>Pour diriger, il faut d&rsquo;abord se diriger soi-m\u00eame. Pour cela, il est essentiel de r\u00e9fl\u00e9chir r\u00e9guli\u00e8rement sur soi-m\u00eame.Les m\u00e9thodes suivantes peuvent t&rsquo;y aider: Questions sur la gestion de soi Courbe d\u2019apprentissage Les 5 options pour une \u00e9volution professionnelle Comment un emploi se cr\u00e9e-t-il Le march\u00e9 pertinent R\u00e9seautage Processus d&rsquo;accompagnement Tu peux aussi te faire accompagner [&hellip;]<\/p>\n","protected":false},"author":1,"featured_media":0,"parent":0,"menu_order":0,"comment_status":"closed","ping_status":"closed","template":"","meta":{"_acf_changed":false,"footnotes":""},"class_list":["post-121","page","type-page","status-publish","hentry"],"acf":[],"yoast_head":"<!-- This site is optimized with the Yoast SEO plugin v25.8 - https:\/\/yoast.com\/wordpress\/plugins\/seo\/ -->\n<title>Gestion de soi | Carri\u00e8re - Jobcenter Geneva<\/title>\n<meta name=\"robots\" content=\"noindex, follow, max-snippet:-1, max-image-preview:large, max-video-preview:-1\" \/>\n<meta property=\"og:locale\" content=\"fr_FR\" \/>\n<meta property=\"og:type\" content=\"article\" \/>\n<meta property=\"og:title\" content=\"Gestion de soi | Carri\u00e8re - Jobcenter Geneva\" \/>\n<meta property=\"og:description\" content=\"Pour diriger, il faut d&rsquo;abord se diriger soi-m\u00eame. Pour cela, il est essentiel de r\u00e9fl\u00e9chir r\u00e9guli\u00e8rement sur soi-m\u00eame.Les m\u00e9thodes suivantes peuvent t&rsquo;y aider: Questions sur la gestion de soi Courbe d\u2019apprentissage Les 5 options pour une \u00e9volution professionnelle Comment un emploi se cr\u00e9e-t-il Le march\u00e9 pertinent R\u00e9seautage Processus d&rsquo;accompagnement Tu peux aussi te faire accompagner [&hellip;]\" \/>\n<meta property=\"og:url\" content=\"https:\/\/jobcenter.promovetm.com\/fr\/gestion-de-soi\/\" \/>\n<meta property=\"og:site_name\" content=\"Jobcenter Geneva\" \/>\n<meta property=\"article:modified_time\" content=\"2025-08-21T05:05:15+00:00\" \/>\n<meta name=\"twitter:card\" content=\"summary_large_image\" \/>\n<script type=\"application\/ld+json\" class=\"yoast-schema-graph\">{\"@context\":\"https:\/\/schema.org\",\"@graph\":[{\"@type\":\"WebPage\",\"@id\":\"https:\/\/jobcenter.promovetm.com\/fr\/gestion-de-soi\/\",\"url\":\"https:\/\/jobcenter.promovetm.com\/fr\/gestion-de-soi\/\",\"name\":\"Gestion de soi | Carri\u00e8re - Jobcenter Geneva\",\"isPartOf\":{\"@id\":\"https:\/\/jobcenter.promovetm.com\/#website\"},\"datePublished\":\"2023-01-10T01:56:10+00:00\",\"dateModified\":\"2025-08-21T05:05:15+00:00\",\"breadcrumb\":{\"@id\":\"https:\/\/jobcenter.promovetm.com\/fr\/gestion-de-soi\/#breadcrumb\"},\"inLanguage\":\"fr-FR\",\"potentialAction\":[{\"@type\":\"ReadAction\",\"target\":[\"https:\/\/jobcenter.promovetm.com\/fr\/gestion-de-soi\/\"]}]},{\"@type\":\"BreadcrumbList\",\"@id\":\"https:\/\/jobcenter.promovetm.com\/fr\/gestion-de-soi\/#breadcrumb\",\"itemListElement\":[{\"@type\":\"ListItem\",\"position\":1,\"name\":\"Home\",\"item\":\"https:\/\/jobcenter.promovetm.com\/fr\/gestion-de-soi\/\"},{\"@type\":\"ListItem\",\"position\":2,\"name\":\"Gestion de soi | Carri\u00e8re\"}]},{\"@type\":\"WebSite\",\"@id\":\"https:\/\/jobcenter.promovetm.com\/#website\",\"url\":\"https:\/\/jobcenter.promovetm.com\/\",\"name\":\"Jobcenter\",\"description\":\"\",\"potentialAction\":[{\"@type\":\"SearchAction\",\"target\":{\"@type\":\"EntryPoint\",\"urlTemplate\":\"https:\/\/jobcenter.promovetm.com\/?s={search_term_string}\"},\"query-input\":{\"@type\":\"PropertyValueSpecification\",\"valueRequired\":true,\"valueName\":\"search_term_string\"}}],\"inLanguage\":\"fr-FR\"}]}<\/script>\n<!-- \/ Yoast SEO plugin. -->","yoast_head_json":{"title":"Gestion de soi | Carri\u00e8re - Jobcenter Geneva","robots":{"index":"noindex","follow":"follow","max-snippet":"max-snippet:-1","max-image-preview":"max-image-preview:large","max-video-preview":"max-video-preview:-1"},"og_locale":"fr_FR","og_type":"article","og_title":"Gestion de soi | Carri\u00e8re - Jobcenter Geneva","og_description":"Pour diriger, il faut d&rsquo;abord se diriger soi-m\u00eame. Pour cela, il est essentiel de r\u00e9fl\u00e9chir r\u00e9guli\u00e8rement sur soi-m\u00eame.Les m\u00e9thodes suivantes peuvent t&rsquo;y aider: Questions sur la gestion de soi Courbe d\u2019apprentissage Les 5 options pour une \u00e9volution professionnelle Comment un emploi se cr\u00e9e-t-il Le march\u00e9 pertinent R\u00e9seautage Processus d&rsquo;accompagnement Tu peux aussi te faire accompagner [&hellip;]","og_url":"https:\/\/jobcenter.promovetm.com\/fr\/gestion-de-soi\/","og_site_name":"Jobcenter Geneva","article_modified_time":"2025-08-21T05:05:15+00:00","twitter_card":"summary_large_image","schema":{"@context":"https:\/\/schema.org","@graph":[{"@type":"WebPage","@id":"https:\/\/jobcenter.promovetm.com\/fr\/gestion-de-soi\/","url":"https:\/\/jobcenter.promovetm.com\/fr\/gestion-de-soi\/","name":"Gestion de soi | Carri\u00e8re - Jobcenter Geneva","isPartOf":{"@id":"https:\/\/jobcenter.promovetm.com\/#website"},"datePublished":"2023-01-10T01:56:10+00:00","dateModified":"2025-08-21T05:05:15+00:00","breadcrumb":{"@id":"https:\/\/jobcenter.promovetm.com\/fr\/gestion-de-soi\/#breadcrumb"},"inLanguage":"fr-FR","potentialAction":[{"@type":"ReadAction","target":["https:\/\/jobcenter.promovetm.com\/fr\/gestion-de-soi\/"]}]},{"@type":"BreadcrumbList","@id":"https:\/\/jobcenter.promovetm.com\/fr\/gestion-de-soi\/#breadcrumb","itemListElement":[{"@type":"ListItem","position":1,"name":"Home","item":"https:\/\/jobcenter.promovetm.com\/fr\/gestion-de-soi\/"},{"@type":"ListItem","position":2,"name":"Gestion de soi | Carri\u00e8re"}]},{"@type":"WebSite","@id":"https:\/\/jobcenter.promovetm.com\/#website","url":"https:\/\/jobcenter.promovetm.com\/","name":"Jobcenter","description":"","potentialAction":[{"@type":"SearchAction","target":{"@type":"EntryPoint","urlTemplate":"https:\/\/jobcenter.promovetm.com\/?s={search_term_string}"},"query-input":{"@type":"PropertyValueSpecification","valueRequired":true,"valueName":"search_term_string"}}],"inLanguage":"fr-FR"}]}},"_links":{"self":[{"href":"https:\/\/jobcenter.promovetm.com\/fr\/wp-json\/wp\/v2\/pages\/121","targetHints":{"allow":["GET"]}}],"collection":[{"href":"https:\/\/jobcenter.promovetm.com\/fr\/wp-json\/wp\/v2\/pages"}],"about":[{"href":"https:\/\/jobcenter.promovetm.com\/fr\/wp-json\/wp\/v2\/types\/page"}],"author":[{"embeddable":true,"href":"https:\/\/jobcenter.promovetm.com\/fr\/wp-json\/wp\/v2\/users\/1"}],"replies":[{"embeddable":true,"href":"https:\/\/jobcenter.promovetm.com\/fr\/wp-json\/wp\/v2\/comments?post=121"}],"version-history":[{"count":13,"href":"https:\/\/jobcenter.promovetm.com\/fr\/wp-json\/wp\/v2\/pages\/121\/revisions"}],"predecessor-version":[{"id":578,"href":"https:\/\/jobcenter.promovetm.com\/fr\/wp-json\/wp\/v2\/pages\/121\/revisions\/578"}],"wp:attachment":[{"href":"https:\/\/jobcenter.promovetm.com\/fr\/wp-json\/wp\/v2\/media?parent=121"}],"curies":[{"name":"wp","href":"https:\/\/api.w.org\/{rel}","templated":true}]}}